{"id":12,"date":"2023-09-21T11:35:40","date_gmt":"2023-09-21T09:35:40","guid":{"rendered":"https:\/\/goodplace.hr\/?page_id=12"},"modified":"2024-05-07T15:48:41","modified_gmt":"2024-05-07T13:48:41","slug":"o-nama","status":"publish","type":"page","link":"https:\/\/goodplace.hr\/en\/about-us\/","title":{"rendered":"About us"},"content":{"rendered":"<div data-elementor-type=\"wp-page\" data-elementor-id=\"12\" class=\"elementor elementor-12\" data-elementor-post-type=\"page\">\n\t\t\t\t<div class=\"elementor-element elementor-element-03e8d2b e-flex e-con-boxed e-con e-parent\" data-id=\"03e8d2b\" data-element_type=\"container\">\n\t\t\t\t\t<div class=\"e-con-inner\">\n\t\t\t\t<div class=\"elementor-element elementor-element-53fb177 elementor-widget__width-initial elementor-widget elementor-widget-text-editor\" data-id=\"53fb177\" data-element_type=\"widget\" data-widget_type=\"text-editor.default\">\n\t\t\t\t<div class=\"elementor-widget-container\">\n\t\t\t<style>\/*! elementor - v3.21.0 - 26-05-2024 *\/\n.elementor-widget-text-editor.elementor-drop-cap-view-stacked .elementor-drop-cap{background-color:#69727d;color:#fff}.elementor-widget-text-editor.elementor-drop-cap-view-framed .elementor-drop-cap{color:#69727d;border:3px solid;background-color:transparent}.elementor-widget-text-editor:not(.elementor-drop-cap-view-default) .elementor-drop-cap{margin-top:8px}.elementor-widget-text-editor:not(.elementor-drop-cap-view-default) .elementor-drop-cap-letter{width:1em;height:1em}.elementor-widget-text-editor .elementor-drop-cap{float:left;text-align:center;line-height:1;font-size:50px}.elementor-widget-text-editor .elementor-drop-cap-letter{display:inline-block}<\/style>\t\t\t\t<p><strong>GOODPLACE Ltd.<\/strong> is a company based in Zagreb that sells outdoor furniture and wallpapers. Our goal is to improve the quality of life through design.<\/p><p>Since 2014, we are a proud partner and general importer of garden furniture of the renowned Italian brand Unopiu and over time we became representatives of other reputable brands.<\/p><p>With a rich history of participating in the transformation of both public and private spaces, we are passionately dedicated to the art of exterior design. Our wide range includes outdoor furniture solutions adapted to different types of environment and different financial possibilities.<\/p><p>From elegant and practical to luxurious and unique, our range of outdoor furniture and wallpapers includes a wide selection of products to suit every style and preference. Satisfied clients who return to us again and again confirm our commitment to quality and excellence.<\/p><p>In our offer you can find:<\/p><p><strong>Outdoor furniture for restaurants and bars<\/strong> (outdoor tables and chairs, outdoor low tables, extendable tables, outdoor three-seaters and two-seaters, umbrellas, umbrella stands)<\/p><p><strong>Outdoor furniture for hotels and business premises <\/strong>(high-quality and durable hotel furniture for furnishing terraces and sunbathing areas)<\/p><p><strong>Furniture for outdoor spaces and gardens for private houses<\/strong> (outdoor tables and chairs, low tables, extendable tables, garden sets, outdoor modular furniture, umbrellas, umbrella stands, deckchairs, swings, carpets, vases and flower pots, lamps and more).<\/p>\t\t\t\t\t\t<\/div>\n\t\t\t\t<\/div>\n\t\t\t\t<div class=\"elementor-element elementor-element-4b4743a elementor-widget elementor-widget-image\" data-id=\"4b4743a\" data-element_type=\"widget\" data-widget_type=\"image.default\">\n\t\t\t\t<div class=\"elementor-widget-container\">\n\t\t\t<style>\/*! elementor - v3.21.0 - 26-05-2024 *\/\n.elementor-widget-image{text-align:center}.elementor-widget-image a{display:inline-block}.elementor-widget-image a img[src$=\".svg\"]{width:48px}.elementor-widget-image img{vertical-align:middle;display:inline-block}<\/style>\t\t\t\t\t\t\t\t\t\t<img fetchpriority=\"high\" decoding=\"async\" width=\"1600\" height=\"700\" src=\"https:\/\/goodplace.hr\/wp-content\/uploads\/2023\/09\/les_arcs_divano_collection_2022.jpeg\" class=\"attachment-full size-full wp-image-158\" alt=\"les arcs kolekcija sofa 2022\" srcset=\"https:\/\/goodplace.hr\/wp-content\/uploads\/2023\/09\/les_arcs_divano_collection_2022.jpeg 1600w, https:\/\/goodplace.hr\/wp-content\/uploads\/2023\/09\/les_arcs_divano_collection_2022-300x131.jpeg 300w, https:\/\/goodplace.hr\/wp-content\/uploads\/2023\/09\/les_arcs_divano_collection_2022-1024x448.jpeg 1024w, https:\/\/goodplace.hr\/wp-content\/uploads\/2023\/09\/les_arcs_divano_collection_2022-768x336.jpeg 768w, https:\/\/goodplace.hr\/wp-content\/uploads\/2023\/09\/les_arcs_divano_collection_2022-1536x672.jpeg 1536w, https:\/\/goodplace.hr\/wp-content\/uploads\/2023\/09\/les_arcs_divano_collection_2022-18x8.jpeg 18w\" sizes=\"(max-width: 1600px) 100vw, 1600px\" \/>\t\t\t\t\t\t\t\t\t\t\t\t\t<\/div>\n\t\t\t\t<\/div>\n\t\t\t\t<div class=\"elementor-element elementor-element-a7eff25 elementor-widget elementor-widget-image\" data-id=\"a7eff25\" data-element_type=\"widget\" data-widget_type=\"image.default\">\n\t\t\t\t<div class=\"elementor-widget-container\">\n\t\t\t\t\t\t\t\t\t\t\t\t\t<img decoding=\"async\" width=\"145\" height=\"33\" src=\"https:\/\/goodplace.hr\/wp-content\/uploads\/2023\/09\/Group-28.svg\" class=\"attachment-full size-full wp-image-165\" alt=\"Unopiu logo transparent\" \/>\t\t\t\t\t\t\t\t\t\t\t\t\t<\/div>\n\t\t\t\t<\/div>\n\t\t\t\t<div class=\"elementor-element elementor-element-dafd1dc elementor-widget__width-initial elementor-widget elementor-widget-text-editor\" data-id=\"dafd1dc\" data-element_type=\"widget\" data-widget_type=\"text-editor.default\">\n\t\t\t\t<div class=\"elementor-widget-container\">\n\t\t\t\t\t\t\t<p>In partnership with the renowned brand Unopiu, which offers garden furniture of infinite elegance and durability, we have been designing gardens for many years, which has been a great pleasure for us.<\/p>\t\t\t\t\t\t<\/div>\n\t\t\t\t<\/div>\n\t\t\t\t<div class=\"elementor-element elementor-element-72a50e0 elementor-widget elementor-widget-image\" data-id=\"72a50e0\" data-element_type=\"widget\" data-widget_type=\"image.default\">\n\t\t\t\t<div class=\"elementor-widget-container\">\n\t\t\t\t\t\t\t\t\t\t\t\t\t<img decoding=\"async\" width=\"145\" height=\"37\" src=\"https:\/\/goodplace.hr\/wp-content\/uploads\/2023\/09\/Vector-2023-09-21T130613.170.svg\" class=\"attachment-full size-full wp-image-166\" alt=\"Talenti logo transparent\" \/>\t\t\t\t\t\t\t\t\t\t\t\t\t<\/div>\n\t\t\t\t<\/div>\n\t\t\t\t<div class=\"elementor-element elementor-element-a9e4306 elementor-widget__width-initial elementor-widget elementor-widget-text-editor\" data-id=\"a9e4306\" data-element_type=\"widget\" data-widget_type=\"text-editor.default\">\n\t\t\t\t<div class=\"elementor-widget-container\">\n\t\t\t\t\t\t\t<p>Talenti creates original and refined furnishing elements, best representing the unique style of Italian taste and overcoming the boundaries between interior and exterior design. Every detail of Talenti products is designed to allow designers, architects and furnishing experts to choose only the best.<\/p>\t\t\t\t\t\t<\/div>\n\t\t\t\t<\/div>\n\t\t\t\t<div class=\"elementor-element elementor-element-2510ad3 elementor-widget elementor-widget-image\" data-id=\"2510ad3\" data-element_type=\"widget\" data-widget_type=\"image.default\">\n\t\t\t\t<div class=\"elementor-widget-container\">\n\t\t\t\t\t\t\t\t\t\t\t\t\t<img loading=\"lazy\" decoding=\"async\" width=\"145\" height=\"32\" src=\"https:\/\/goodplace.hr\/wp-content\/uploads\/2023\/09\/Group-29.svg\" class=\"attachment-full size-full wp-image-167\" alt=\"Emu logo transparent\" \/>\t\t\t\t\t\t\t\t\t\t\t\t\t<\/div>\n\t\t\t\t<\/div>\n\t\t\t\t<div class=\"elementor-element elementor-element-5150979 elementor-widget__width-initial elementor-widget elementor-widget-text-editor\" data-id=\"5150979\" data-element_type=\"widget\" data-widget_type=\"text-editor.default\">\n\t\t\t\t<div class=\"elementor-widget-container\">\n\t\t\t\t\t\t\t<p>Emu is focused on furnishing commercial spaces, hotels and restaurants.<\/p>\t\t\t\t\t\t<\/div>\n\t\t\t\t<\/div>\n\t\t\t\t<div class=\"elementor-element elementor-element-3db30da elementor-widget elementor-widget-image\" data-id=\"3db30da\" data-element_type=\"widget\" data-widget_type=\"image.default\">\n\t\t\t\t<div class=\"elementor-widget-container\">\n\t\t\t\t\t\t\t\t\t\t\t\t\t<img loading=\"lazy\" decoding=\"async\" width=\"145\" height=\"53\" src=\"https:\/\/goodplace.hr\/wp-content\/uploads\/2023\/09\/Group-30.svg\" class=\"attachment-full size-full wp-image-168\" alt=\"Rococo Decor logo transparent\" \/>\t\t\t\t\t\t\t\t\t\t\t\t\t<\/div>\n\t\t\t\t<\/div>\n\t\t\t\t<div class=\"elementor-element elementor-element-dac0295 elementor-widget__width-initial elementor-widget elementor-widget-text-editor\" data-id=\"dac0295\" data-element_type=\"widget\" data-widget_type=\"text-editor.default\">\n\t\t\t\t<div class=\"elementor-widget-container\">\n\t\t\t\t\t\t\t<p>Rococo Decor produces ecological structured wallpapers for interior and exterior walls that are completely tailored to the client's wishes. Our commitment to an ecological way of working is reflected in the use of ecological raw materials and innovative technologies.<\/p>\t\t\t\t\t\t<\/div>\n\t\t\t\t<\/div>\n\t\t\t\t<div class=\"elementor-element elementor-element-988c141 elementor-widget elementor-widget-image\" data-id=\"988c141\" data-element_type=\"widget\" data-widget_type=\"image.default\">\n\t\t\t\t<div class=\"elementor-widget-container\">\n\t\t\t\t\t\t\t\t\t\t\t\t\t<img loading=\"lazy\" decoding=\"async\" width=\"159\" height=\"37\" src=\"https:\/\/goodplace.hr\/wp-content\/uploads\/2023\/10\/Group-29.svg\" class=\"attachment-full size-full wp-image-630\" alt=\"Garda logo - crni\" \/>\t\t\t\t\t\t\t\t\t\t\t\t\t<\/div>\n\t\t\t\t<\/div>\n\t\t\t\t<div class=\"elementor-element elementor-element-eba348d elementor-widget__width-initial elementor-widget elementor-widget-text-editor\" data-id=\"eba348d\" data-element_type=\"widget\" data-widget_type=\"text-editor.default\">\n\t\t\t\t<div class=\"elementor-widget-container\">\n\t\t\t\t\t\t\t<p>GARDA is a multiple award-winning garden furniture brand whose design philosophy is focused on creating exceptional outdoor furniture. Their vision is based on the changing needs of modern life.\u00a0<\/p>\t\t\t\t\t\t<\/div>\n\t\t\t\t<\/div>\n\t\t\t\t<div class=\"elementor-element elementor-element-18622d2 elementor-widget__width-initial elementor-widget elementor-widget-text-editor\" data-id=\"18622d2\" data-element_type=\"widget\" data-widget_type=\"text-editor.default\">\n\t\t\t\t<div class=\"elementor-widget-container\">\n\t\t\t\t\t\t\t<p>GOOD PLACE d.o.o. is your smart choice for creating a better space and lifestyle.<\/p>\t\t\t\t\t\t<\/div>\n\t\t\t\t<\/div>\n\t\t\t\t<div class=\"elementor-element elementor-element-36c3266 elementor-widget elementor-widget-heading\" data-id=\"36c3266\" data-element_type=\"widget\" data-widget_type=\"heading.default\">\n\t\t\t\t<div class=\"elementor-widget-container\">\n\t\t\t<style>\/*! elementor - v3.21.0 - 26-05-2024 *\/\n.elementor-heading-title{padding:0;margin:0;line-height:1}.elementor-widget-heading .elementor-heading-title[class*=elementor-size-]>a{color:inherit;font-size:inherit;line-height:inherit}.elementor-widget-heading .elementor-heading-title.elementor-size-small{font-size:15px}.elementor-widget-heading .elementor-heading-title.elementor-size-medium{font-size:19px}.elementor-widget-heading .elementor-heading-title.elementor-size-large{font-size:29px}.elementor-widget-heading .elementor-heading-title.elementor-size-xl{font-size:39px}.elementor-widget-heading .elementor-heading-title.elementor-size-xxl{font-size:59px}<\/style><h2 class=\"elementor-heading-title elementor-size-default\">Our clients<\/h2>\t\t<\/div>\n\t\t\t\t<\/div>\n\t\t<div class=\"elementor-element elementor-element-dd231bc e-flex e-con-boxed e-con e-child\" data-id=\"dd231bc\" data-element_type=\"container\">\n\t\t\t\t\t<div class=\"e-con-inner\">\n\t\t<div class=\"elementor-element elementor-element-2b33a32 e-con-full e-flex e-con e-child\" data-id=\"2b33a32\" data-element_type=\"container\">\n\t\t\t\t<div class=\"elementor-element elementor-element-fb1534e elementor-widget elementor-widget-text-editor\" data-id=\"fb1534e\" data-element_type=\"widget\" data-widget_type=\"text-editor.default\">\n\t\t\t\t<div class=\"elementor-widget-container\">\n\t\t\t\t\t\t\t<p>ABD VIN d.o.o.<br \/>Adria commerce d.o.o., Ljubljana<br \/>Agencija za strate\u0161ke studije,Izola, Slovenija<br \/>Ambasciata d&#8217;Italia, ZGB<br \/>Ancona grupa d.o.o. \u0110akovo<br \/>Arbiana hotel, Rab<br \/>Architect Ante Vrban d.o.o., ZGB<br \/>Arcora ulaganja d.o.o.ZGB<br \/>Arcus Dalmatia d.o.o., Dubrovnik<br \/>Arena Hospitality group d.d., Pula<br \/>Bistrica d.o.o., Sutivan<br \/>Britansko veleposlanstvo, ZGB<br \/>Casa Cobre d.o.o., ZGB<br \/>Croatiainspect d.o.o, ZGB<br \/>Delta vili\u010dari d.o.o., ZGB<br \/>Digit d.o.o., Ludbreg<br \/>Dom Navtika Kopar, Slovenija<br \/>Dom trgovina d.o.o., Ljubljana<br \/>Dr\u017eavne nekretnine d.o.o.<br \/>Empor d.o.o., Ljubljana<br \/>Eurogarden, Zadar<br \/>Experta grupa d.o.o., Po\u017eega<br \/>Givo In\u017eeniring d.o.o., Ljubljana<br \/>Grgi\u0107 vina, Trstenik<\/p>\t\t\t\t\t\t<\/div>\n\t\t\t\t<\/div>\n\t\t\t\t<\/div>\n\t\t<div class=\"elementor-element elementor-element-e849084 e-con-full e-flex e-con e-child\" data-id=\"e849084\" data-element_type=\"container\">\n\t\t\t\t<div class=\"elementor-element elementor-element-da4ce97 elementor-widget elementor-widget-text-editor\" data-id=\"da4ce97\" data-element_type=\"widget\" data-widget_type=\"text-editor.default\">\n\t\t\t\t<div class=\"elementor-widget-container\">\n\t\t\t\t\t\t\t<p>Hotel Split d.o.o., Split<br \/>Industrooprema d.o.o., Sesvete<br \/>Jadranski luksuzni hoteli<br \/>Javnobilje\u017eni\u010dki ured Robert-Anton \u010ce\u010datka, S. Brod<br \/>Komakino d.o.o., ZGB<br \/>Lali\u0107 Investment d.o.o., Pore\u010d<br \/>Le\u0161i\u0107 Dimitri, Kor\u010dula<br \/>Lilichi j.d.o.o.<br \/>Lovranske Vile (hotel Vila Astra), Lovran<br \/>Lunima d.o.o., Rijeka<br \/>Luxury Villa Srebrni\u0107i d.o.o., Vi\u0161njan<br \/>Makarana Clubbing d.o.o., ZGB<br \/>Marina Harmina d.o.o., Murter<br \/>Meridian Projekt d.o.o., ZGB<br \/>Miapharma d.o.o., ZGB<br \/>Monta\u017ea \u0160kerjanec d.o.o., Trzin, Slovenija<br \/>Nigra do.o., Zadar<br \/>Nimago d.o.o.<br \/>Odvjetni\u010dki ured Ermina Abdi\u0107, ZGB<br \/>Odvjetnik Anita Hukelj, ZGB<br \/>OPG Igor Mihaljevi\u0107, Jastrebarsko<br \/>Optinova d.o.o., ZGB<br \/>Passer d.o.o. Split<br \/>PGM RAGUSA d.o.o., Dubrovnik<\/p>\t\t\t\t\t\t<\/div>\n\t\t\t\t<\/div>\n\t\t\t\t<\/div>\n\t\t<div class=\"elementor-element elementor-element-6c9a0bb e-flex e-con-boxed e-con e-child\" data-id=\"6c9a0bb\" data-element_type=\"container\">\n\t\t\t\t\t<div class=\"e-con-inner\">\n\t\t\t\t<div class=\"elementor-element elementor-element-fb16068 elementor-widget elementor-widget-text-editor\" data-id=\"fb16068\" data-element_type=\"widget\" data-widget_type=\"text-editor.default\">\n\t\t\t\t<div class=\"elementor-widget-container\">\n\t\t\t\t\t\t\t<p>Plava ptica d.o.o., Zagreb<br \/>Podstine d.o.o., Split<br \/>Primius savjetovanje d.o.o.,ZGB<br \/>Primizia d.o.o., Ludbreg<br \/>Primus savjetovanje d.o.o., ZGB<br \/>Prodis d.o.o., ZGB<br \/>Proficio d.o.o., ZGB<br \/>Projekt I.M. 2000 d.o.o.<br \/>Promel sistemi d.o.o., ZGB<br \/>Rat d.o.o., ZGB<br \/>Smartnet d.o.o., Kranj, Slovenija<br \/>Stairwell&amp;loft, ZGB<br \/>Staro stablo d.o.o., Split<br \/>Stilles d.o.o., Sevnica, Slovenija<br \/>Sun\u010dani Hvar d.o.o., Hvar<br \/>Sv.Klement, Hvar<br \/>\u0160vicarsko Veleposlanstvo, ZGB<br \/>Tuna Film-E d.o.o., ZGB<br \/>U.O. Gema Sisak<br \/>Villa Adria d.o.o.<br \/>Vino i maslina d.o.o., Cres<br \/>\u017dito d.o.o., Osijek<\/p>\t\t\t\t\t\t<\/div>\n\t\t\t\t<\/div>\n\t\t\t\t\t<\/div>\n\t\t\t\t<\/div>\n\t\t\t\t\t<\/div>\n\t\t\t\t<\/div>\n\t\t\t\t\t<\/div>\n\t\t\t\t<\/div>\n\t\t\t\t<\/div>","protected":false},"excerpt":{"rendered":"<p>GOODPLACE d.o.o. je tvrtka sa sjedi\u0161tem u Zagrebu koja se bavi prodajom vanjskog namje\u0161taja i tapeta \u010diji je cilj unaprje\u0111enje kvalitete \u017eivota kroz dizajn. Od 2014. godine ponosni smo partner i generalni uvoznik renomiranog talijanskog brenda za vrtni namje\u0161taj \u2013 Unopiu, a s vremenom smo postali zastupnici i drugih uglednih brendova. S bogatom povije\u0161\u0107u sudjelovanja [&hellip;]<\/p>","protected":false},"author":1,"featured_media":0,"parent":0,"menu_order":0,"comment_status":"closed","ping_status":"closed","template":"","meta":{"_acf_changed":false,"inline_featured_image":false,"footnotes":""},"class_list":["post-12","page","type-page","status-publish","hentry"],"acf":[],"yoast_head":"<!-- This site is optimized with the Yoast SEO plugin v26.3 - https:\/\/yoast.com\/wordpress\/plugins\/seo\/ -->\n<title>Good Place - Salon za vrtni i vanjski namje\u0161taj u Zagrebu<\/title>\n<meta name=\"description\" content=\"Good Place je salon za vrtni i vanjski namje\u0161taj prikladan za opremanje terasa ugostiteljskih objekata, hotela, poslovnih prostora i privatnih ku\u0107a.\" \/>\n<meta name=\"robots\" content=\"index, follow, max-snippet:-1, max-image-preview:large, max-video-preview:-1\" \/>\n<link rel=\"canonical\" href=\"https:\/\/goodplace.hr\/en\/about-us\/\" \/>\n<meta property=\"og:locale\" content=\"en_GB\" \/>\n<meta property=\"og:type\" content=\"article\" \/>\n<meta property=\"og:title\" content=\"Good Place - Salon za vrtni i vanjski namje\u0161taj u Zagrebu\" \/>\n<meta property=\"og:description\" content=\"Good Place je salon za vrtni i vanjski namje\u0161taj prikladan za opremanje terasa ugostiteljskih objekata, hotela, poslovnih prostora i privatnih ku\u0107a.\" \/>\n<meta property=\"og:url\" content=\"https:\/\/goodplace.hr\/en\/about-us\/\" \/>\n<meta property=\"og:site_name\" content=\"Good Place\" \/>\n<meta property=\"article:modified_time\" content=\"2024-05-07T13:48:41+00:00\" \/>\n<meta property=\"og:image\" content=\"https:\/\/goodplace.hr\/wp-content\/uploads\/2023\/09\/les_arcs_divano_collection_2022.jpeg\" \/>\n<meta name=\"twitter:card\" content=\"summary_large_image\" \/>\n<meta name=\"twitter:label1\" content=\"Estimated reading time\" \/>\n\t<meta name=\"twitter:data1\" content=\"5 minutes\" \/>\n<script type=\"application\/ld+json\" class=\"yoast-schema-graph\">{\"@context\":\"https:\/\/schema.org\",\"@graph\":[{\"@type\":\"WebPage\",\"@id\":\"https:\/\/goodplace.hr\/o-nama\/\",\"url\":\"https:\/\/goodplace.hr\/o-nama\/\",\"name\":\"Good Place - Salon za vrtni i vanjski namje\u0161taj u Zagrebu\",\"isPartOf\":{\"@id\":\"https:\/\/goodplace.hr\/#website\"},\"primaryImageOfPage\":{\"@id\":\"https:\/\/goodplace.hr\/o-nama\/#primaryimage\"},\"image\":{\"@id\":\"https:\/\/goodplace.hr\/o-nama\/#primaryimage\"},\"thumbnailUrl\":\"https:\/\/goodplace.hr\/wp-content\/uploads\/2023\/09\/les_arcs_divano_collection_2022.jpeg\",\"datePublished\":\"2023-09-21T09:35:40+00:00\",\"dateModified\":\"2024-05-07T13:48:41+00:00\",\"description\":\"Good Place je salon za vrtni i vanjski namje\u0161taj prikladan za opremanje terasa ugostiteljskih objekata, hotela, poslovnih prostora i privatnih ku\u0107a.\",\"breadcrumb\":{\"@id\":\"https:\/\/goodplace.hr\/o-nama\/#breadcrumb\"},\"inLanguage\":\"en-GB\",\"potentialAction\":[{\"@type\":\"ReadAction\",\"target\":[\"https:\/\/goodplace.hr\/o-nama\/\"]}]},{\"@type\":\"ImageObject\",\"inLanguage\":\"en-GB\",\"@id\":\"https:\/\/goodplace.hr\/o-nama\/#primaryimage\",\"url\":\"https:\/\/goodplace.hr\/wp-content\/uploads\/2023\/09\/les_arcs_divano_collection_2022.jpeg\",\"contentUrl\":\"https:\/\/goodplace.hr\/wp-content\/uploads\/2023\/09\/les_arcs_divano_collection_2022.jpeg\"},{\"@type\":\"BreadcrumbList\",\"@id\":\"https:\/\/goodplace.hr\/o-nama\/#breadcrumb\",\"itemListElement\":[{\"@type\":\"ListItem\",\"position\":1,\"name\":\"Po\u010detna stranica\",\"item\":\"https:\/\/goodplace.hr\/\"},{\"@type\":\"ListItem\",\"position\":2,\"name\":\"O nama\"}]},{\"@type\":\"WebSite\",\"@id\":\"https:\/\/goodplace.hr\/#website\",\"url\":\"https:\/\/goodplace.hr\/\",\"name\":\"Good Place\",\"description\":\"Smart choice for your space\",\"publisher\":{\"@id\":\"https:\/\/goodplace.hr\/#organization\"},\"potentialAction\":[{\"@type\":\"SearchAction\",\"target\":{\"@type\":\"EntryPoint\",\"urlTemplate\":\"https:\/\/goodplace.hr\/?s={search_term_string}\"},\"query-input\":{\"@type\":\"PropertyValueSpecification\",\"valueRequired\":true,\"valueName\":\"search_term_string\"}}],\"inLanguage\":\"en-GB\"},{\"@type\":\"Organization\",\"@id\":\"https:\/\/goodplace.hr\/#organization\",\"name\":\"Good Place\",\"url\":\"https:\/\/goodplace.hr\/\",\"logo\":{\"@type\":\"ImageObject\",\"inLanguage\":\"en-GB\",\"@id\":\"https:\/\/goodplace.hr\/#\/schema\/logo\/image\/\",\"url\":\"https:\/\/goodplace.hr\/wp-content\/uploads\/2023\/09\/logo.svg\",\"contentUrl\":\"https:\/\/goodplace.hr\/wp-content\/uploads\/2023\/09\/logo.svg\",\"width\":308,\"height\":61,\"caption\":\"Good Place\"},\"image\":{\"@id\":\"https:\/\/goodplace.hr\/#\/schema\/logo\/image\/\"}}]}<\/script>\n<!-- \/ Yoast SEO plugin. -->","yoast_head_json":{"title":"Good Place - Garden and outdoor furniture store in Zagreb","description":"Good place is garden and outdoor furniture store specialized to furnishing hotels, restaurants, business premises and private houses.","robots":{"index":"index","follow":"follow","max-snippet":"max-snippet:-1","max-image-preview":"max-image-preview:large","max-video-preview":"max-video-preview:-1"},"canonical":"https:\/\/goodplace.hr\/en\/about-us\/","og_locale":"en_GB","og_type":"article","og_title":"Good Place - Salon za vrtni i vanjski namje\u0161taj u Zagrebu","og_description":"Good Place je salon za vrtni i vanjski namje\u0161taj prikladan za opremanje terasa ugostiteljskih objekata, hotela, poslovnih prostora i privatnih ku\u0107a.","og_url":"https:\/\/goodplace.hr\/en\/about-us\/","og_site_name":"Good Place","article_modified_time":"2024-05-07T13:48:41+00:00","og_image":[{"url":"https:\/\/goodplace.hr\/wp-content\/uploads\/2023\/09\/les_arcs_divano_collection_2022.jpeg","type":"","width":"","height":""}],"twitter_card":"summary_large_image","twitter_misc":{"Estimated reading time":"5 minutes"},"schema":{"@context":"https:\/\/schema.org","@graph":[{"@type":"WebPage","@id":"https:\/\/goodplace.hr\/o-nama\/","url":"https:\/\/goodplace.hr\/o-nama\/","name":"Good Place - Garden and outdoor furniture store in Zagreb","isPartOf":{"@id":"https:\/\/goodplace.hr\/#website"},"primaryImageOfPage":{"@id":"https:\/\/goodplace.hr\/o-nama\/#primaryimage"},"image":{"@id":"https:\/\/goodplace.hr\/o-nama\/#primaryimage"},"thumbnailUrl":"https:\/\/goodplace.hr\/wp-content\/uploads\/2023\/09\/les_arcs_divano_collection_2022.jpeg","datePublished":"2023-09-21T09:35:40+00:00","dateModified":"2024-05-07T13:48:41+00:00","description":"Good place is garden and outdoor furniture store specialized to furnishing hotels, restaurants, business premises and private houses.","breadcrumb":{"@id":"https:\/\/goodplace.hr\/o-nama\/#breadcrumb"},"inLanguage":"en-GB","potentialAction":[{"@type":"ReadAction","target":["https:\/\/goodplace.hr\/o-nama\/"]}]},{"@type":"ImageObject","inLanguage":"en-GB","@id":"https:\/\/goodplace.hr\/o-nama\/#primaryimage","url":"https:\/\/goodplace.hr\/wp-content\/uploads\/2023\/09\/les_arcs_divano_collection_2022.jpeg","contentUrl":"https:\/\/goodplace.hr\/wp-content\/uploads\/2023\/09\/les_arcs_divano_collection_2022.jpeg"},{"@type":"BreadcrumbList","@id":"https:\/\/goodplace.hr\/o-nama\/#breadcrumb","itemListElement":[{"@type":"ListItem","position":1,"name":"Po\u010detna stranica","item":"https:\/\/goodplace.hr\/"},{"@type":"ListItem","position":2,"name":"O nama"}]},{"@type":"WebSite","@id":"https:\/\/goodplace.hr\/#website","url":"https:\/\/goodplace.hr\/","name":"Good Place","description":"Smart choice for your space","publisher":{"@id":"https:\/\/goodplace.hr\/#organization"},"potentialAction":[{"@type":"SearchAction","target":{"@type":"EntryPoint","urlTemplate":"https:\/\/goodplace.hr\/?s={search_term_string}"},"query-input":{"@type":"PropertyValueSpecification","valueRequired":true,"valueName":"search_term_string"}}],"inLanguage":"en-GB"},{"@type":"Organization","@id":"https:\/\/goodplace.hr\/#organization","name":"Good Place","url":"https:\/\/goodplace.hr\/","logo":{"@type":"ImageObject","inLanguage":"en-GB","@id":"https:\/\/goodplace.hr\/#\/schema\/logo\/image\/","url":"https:\/\/goodplace.hr\/wp-content\/uploads\/2023\/09\/logo.svg","contentUrl":"https:\/\/goodplace.hr\/wp-content\/uploads\/2023\/09\/logo.svg","width":308,"height":61,"caption":"Good Place"},"image":{"@id":"https:\/\/goodplace.hr\/#\/schema\/logo\/image\/"}}]}},"_links":{"self":[{"href":"https:\/\/goodplace.hr\/en\/wp-json\/wp\/v2\/pages\/12","targetHints":{"allow":["GET"]}}],"collection":[{"href":"https:\/\/goodplace.hr\/en\/wp-json\/wp\/v2\/pages"}],"about":[{"href":"https:\/\/goodplace.hr\/en\/wp-json\/wp\/v2\/types\/page"}],"author":[{"embeddable":true,"href":"https:\/\/goodplace.hr\/en\/wp-json\/wp\/v2\/users\/1"}],"replies":[{"embeddable":true,"href":"https:\/\/goodplace.hr\/en\/wp-json\/wp\/v2\/comments?post=12"}],"version-history":[{"count":83,"href":"https:\/\/goodplace.hr\/en\/wp-json\/wp\/v2\/pages\/12\/revisions"}],"predecessor-version":[{"id":754,"href":"https:\/\/goodplace.hr\/en\/wp-json\/wp\/v2\/pages\/12\/revisions\/754"}],"wp:attachment":[{"href":"https:\/\/goodplace.hr\/en\/wp-json\/wp\/v2\/media?parent=12"}],"curies":[{"name":"wp","href":"https:\/\/api.w.org\/{rel}","templated":true}]}}