{"id":767,"date":"2024-05-07T16:01:20","date_gmt":"2024-05-07T14:01:20","guid":{"rendered":"https:\/\/goodplace.hr\/?page_id=767"},"modified":"2024-05-07T16:05:07","modified_gmt":"2024-05-07T14:05:07","slug":"politika-kolacica","status":"publish","type":"page","link":"https:\/\/goodplace.hr\/en\/privacy-policy\/","title":{"rendered":"Cookie policy"},"content":{"rendered":"<div data-elementor-type=\"wp-page\" data-elementor-id=\"767\" class=\"elementor elementor-767\" data-elementor-post-type=\"page\">\n\t\t\t\t<div class=\"elementor-element elementor-element-fd9e143 e-flex e-con-boxed e-con e-parent\" data-id=\"fd9e143\" data-element_type=\"container\">\n\t\t\t\t\t<div class=\"e-con-inner\">\n\t\t\t\t<div class=\"elementor-element elementor-element-310e32e elementor-widget__width-initial elementor-widget-mobile__width-auto elementor-widget elementor-widget-heading\" data-id=\"310e32e\" data-element_type=\"widget\" data-widget_type=\"heading.default\">\n\t\t\t\t<div class=\"elementor-widget-container\">\n\t\t\t<style>\/*! elementor - v3.21.0 - 26-05-2024 *\/\n.elementor-heading-title{padding:0;margin:0;line-height:1}.elementor-widget-heading .elementor-heading-title[class*=elementor-size-]>a{color:inherit;font-size:inherit;line-height:inherit}.elementor-widget-heading .elementor-heading-title.elementor-size-small{font-size:15px}.elementor-widget-heading .elementor-heading-title.elementor-size-medium{font-size:19px}.elementor-widget-heading .elementor-heading-title.elementor-size-large{font-size:29px}.elementor-widget-heading .elementor-heading-title.elementor-size-xl{font-size:39px}.elementor-widget-heading .elementor-heading-title.elementor-size-xxl{font-size:59px}<\/style><h2 class=\"elementor-heading-title elementor-size-default\">Cookie policy<\/h2>\t\t<\/div>\n\t\t\t\t<\/div>\n\t\t\t\t<div class=\"elementor-element elementor-element-6a3f051 elementor-widget elementor-widget-text-editor\" data-id=\"6a3f051\" data-element_type=\"widget\" data-widget_type=\"text-editor.default\">\n\t\t\t\t<div class=\"elementor-widget-container\">\n\t\t\t<style>\/*! elementor - v3.21.0 - 26-05-2024 *\/\n.elementor-widget-text-editor.elementor-drop-cap-view-stacked .elementor-drop-cap{background-color:#69727d;color:#fff}.elementor-widget-text-editor.elementor-drop-cap-view-framed .elementor-drop-cap{color:#69727d;border:3px solid;background-color:transparent}.elementor-widget-text-editor:not(.elementor-drop-cap-view-default) .elementor-drop-cap{margin-top:8px}.elementor-widget-text-editor:not(.elementor-drop-cap-view-default) .elementor-drop-cap-letter{width:1em;height:1em}.elementor-widget-text-editor .elementor-drop-cap{float:left;text-align:center;line-height:1;font-size:50px}.elementor-widget-text-editor .elementor-drop-cap-letter{display:inline-block}<\/style>\t\t\t\t<p data-pm-slice=\"1 1 []\">In order for the website to work properly and to be able to improve it in order to improve your browsing experience, it is necessary to save a minimum amount of information (cookies) on your computer. More than 90% of websites use cookies, and according to the rules of the European Union, they are obliged to ask for the user's consent. By using this website, you agree to the use of cookies, by blocking which you can still browse the site, but some of its features will not be functional.<\/p><p><strong>What is a cookie?<\/strong><\/p><p>A cookie is information saved on your computer by the website you visit. Cookies usually store your settings, settings for the website, such as your preferred language or address. Later, when you open the same website again, the Internet browser sends back the cookies belonging to that page. This allows the site to display information tailored to your needs.<\/p><p>Cookies can store a wide range of information including personal information (such as your name or e-mail address). However, this information can only be saved if you allow it - websites cannot gain access to information that you have not given them and cannot access other files on your computer or mobile device. The default activities of saving and sending cookies are not visible to you. However, you can change your Internet browser settings so that you can choose for yourself whether to approve or reject cookie storage requests, delete saved cookies automatically when you close your Internet browser, and the like.<\/p><p><strong>How to disable cookies?<\/strong><\/p><p>By turning off cookies, you decide whether you want to allow cookies to be stored on your computer or mobile device. Cookie settings can be controlled and configured in your web browser. If you disable cookies, you may not be able to use some of the functionality on the website.<\/p><p><strong>What are temporary cookies?<\/strong><\/p><p>Temporary or session cookies are removed from your computer when you close your Internet browser. Websites use them to store temporary data, such as items in your shopping cart.<\/p><p><strong>What are persistent cookies?<\/strong><\/p><p>Permanent or saved cookies remain on the computer after closing the Internet browser program. With them, websites store information, such as your login name and password, so you don't have to log in every time you visit a particular site. Persistent cookies will stay on your computer for days, months, even years.<\/p><p><strong>What are first-party cookies?<\/strong><\/p><p>First-party cookies come from the website you are viewing and can be permanent or temporary. With these cookies, websites can store information that they will use again the next time you visit that website.<\/p><p><strong>What are third-party cookies?<\/strong><\/p><p>Third-party cookies come from advertisements from other websites (such as pop-up or other advertisements) that are placed on the website you are viewing. With these cookies, websites can track Internet usage for marketing purposes.<\/p><p><strong>Does this website use cookies?<\/strong><\/p><p>Yes, with the primary goal of making our websites a better user experience for you.<\/p><p><strong>What cookies does this website use and why?<\/strong><\/p><p>Temporary cookies (Session cookies) \u2013 are cookies that expire (and are automatically deleted) when you close the Internet browser. We use \"session cookies\" to improve the user experience during the visit.<\/p><p>Persistent cookies - usually have an expiration date far in the future, so they will remain in your browser until they expire or you manually delete them. We use persistent cookies to better understand user habits, so that we can improve the website according to your habits. However, based on the data collected in this way, it is not possible to identify you as a user, and the collected data is used exclusively for statistical purposes.<\/p><p><strong>Are there third-party cookies on the website?<\/strong><\/p><p>There are several external services that store limited cookies for the user. These cookies are not set by this website, but some are used for the normal functioning of certain features that make it easier for users to access the content. Therefore, the information about data protection that you are familiar with here applies only to this website, and data protection by external services should be checked on their official websites.<\/p><p>We currently enable:<\/p><p>Attendance measurement<\/p><p>This website uses services to measure traffic, namely: Google Analytics. User identification is not possible based on the data collected in this way, and the collected data is used exclusively for statistical purposes. If you want to prevent the aforementioned services from saving cookies, you can prohibit it for each service at the following links:<\/p><ol class=\"ProsemirrorEditor-list\"><li class=\"ProsemirrorEditor-listItem\" data-list-indent=\"1\" data-list-type=\"bulleted\"><p>Google Analytics \u2013<span style=\"color: #000000;\"><u>\u00a0<a class=\"ProsemirrorEditor-link\" style=\"color: #000000;\" href=\"https:\/\/tools.google.com\/dlpage\/gaoptout\">https:\/\/tools.google.com\/dlpage\/gaoptout<\/a><\/u><\/span><\/p><\/li><\/ol><p><strong>Additional information about turning off cookies<\/strong><\/p><p>There are several websites to disable the storage of cookies for different services. You can get more information at the following links:<\/p><p><span style=\"color: #000000;\"><u><a class=\"ProsemirrorEditor-link\" style=\"color: #000000;\" href=\"http:\/\/www.allaboutcookies.org\/\">http:\/\/www.allaboutcookies.org\/<\/a><\/u><\/span><\/p><p><span style=\"color: #000000;\"><u><a class=\"ProsemirrorEditor-link\" style=\"color: #000000;\" href=\"http:\/\/www.youronlinechoices.eu\/\">http:\/\/www.youronlinechoices.eu\/<\/a><\/u><\/span><\/p>\t\t\t\t\t\t<\/div>\n\t\t\t\t<\/div>\n\t\t\t\t\t<\/div>\n\t\t\t\t<\/div>\n\t\t\t\t<\/div>","protected":false},"excerpt":{"rendered":"<p>Politika kola\u010di\u0107a Kako bi internetska stranica radila ispravno te kako bi ju se moglo unaprje\u0111ivati u svrhu pobolj\u0161anja va\u0161eg iskustva pregledavanja, potrebno je minimalnu koli\u010dinu informacija (cookies) spremiti na va\u0161e ra\u010dunalo. Vi\u0161e od 90% internetskih stranica koristi praksu kola\u010di\u0107a te su po pravilima Europske unije obvezne zatra\u017eiti pristanak korisnika. Kori\u0161tenjem ove internetske stranice pristajete na [&hellip;]<\/p>","protected":false},"author":1,"featured_media":0,"parent":0,"menu_order":0,"comment_status":"closed","ping_status":"closed","template":"","meta":{"_acf_changed":false,"inline_featured_image":false,"footnotes":""},"class_list":["post-767","page","type-page","status-publish","hentry"],"acf":[],"yoast_head":"<!-- This site is optimized with the Yoast SEO plugin v26.3 - https:\/\/yoast.com\/wordpress\/plugins\/seo\/ -->\n<title>Politika kola\u010di\u0107a - Good Place<\/title>\n<meta name=\"robots\" content=\"index, follow, max-snippet:-1, max-image-preview:large, max-video-preview:-1\" \/>\n<link rel=\"canonical\" href=\"https:\/\/goodplace.hr\/en\/privacy-policy\/\" \/>\n<meta property=\"og:locale\" content=\"en_GB\" \/>\n<meta property=\"og:type\" content=\"article\" \/>\n<meta property=\"og:title\" content=\"Politika kola\u010di\u0107a - Good Place\" \/>\n<meta property=\"og:description\" content=\"Politika kola\u010di\u0107a Kako bi internetska stranica radila ispravno te kako bi ju se moglo unaprje\u0111ivati u svrhu pobolj\u0161anja va\u0161eg iskustva pregledavanja, potrebno je minimalnu koli\u010dinu informacija (cookies) spremiti na va\u0161e ra\u010dunalo. Vi\u0161e od 90% internetskih stranica koristi praksu kola\u010di\u0107a te su po pravilima Europske unije obvezne zatra\u017eiti pristanak korisnika. Kori\u0161tenjem ove internetske stranice pristajete na [&hellip;]\" \/>\n<meta property=\"og:url\" content=\"https:\/\/goodplace.hr\/en\/privacy-policy\/\" \/>\n<meta property=\"og:site_name\" content=\"Good Place\" \/>\n<meta property=\"article:modified_time\" content=\"2024-05-07T14:05:07+00:00\" \/>\n<meta name=\"twitter:card\" content=\"summary_large_image\" \/>\n<meta name=\"twitter:label1\" content=\"Estimated reading time\" \/>\n\t<meta name=\"twitter:data1\" content=\"4 minutes\" \/>\n<script type=\"application\/ld+json\" class=\"yoast-schema-graph\">{\"@context\":\"https:\/\/schema.org\",\"@graph\":[{\"@type\":\"WebPage\",\"@id\":\"https:\/\/goodplace.hr\/politika-kolacica\/\",\"url\":\"https:\/\/goodplace.hr\/politika-kolacica\/\",\"name\":\"Politika kola\u010di\u0107a - Good Place\",\"isPartOf\":{\"@id\":\"https:\/\/goodplace.hr\/#website\"},\"datePublished\":\"2024-05-07T14:01:20+00:00\",\"dateModified\":\"2024-05-07T14:05:07+00:00\",\"breadcrumb\":{\"@id\":\"https:\/\/goodplace.hr\/politika-kolacica\/#breadcrumb\"},\"inLanguage\":\"en-GB\",\"potentialAction\":[{\"@type\":\"ReadAction\",\"target\":[\"https:\/\/goodplace.hr\/politika-kolacica\/\"]}]},{\"@type\":\"BreadcrumbList\",\"@id\":\"https:\/\/goodplace.hr\/politika-kolacica\/#breadcrumb\",\"itemListElement\":[{\"@type\":\"ListItem\",\"position\":1,\"name\":\"Po\u010detna stranica\",\"item\":\"https:\/\/goodplace.hr\/\"},{\"@type\":\"ListItem\",\"position\":2,\"name\":\"Politika kola\u010di\u0107a\"}]},{\"@type\":\"WebSite\",\"@id\":\"https:\/\/goodplace.hr\/#website\",\"url\":\"https:\/\/goodplace.hr\/\",\"name\":\"Good Place\",\"description\":\"Smart choice for your space\",\"publisher\":{\"@id\":\"https:\/\/goodplace.hr\/#organization\"},\"potentialAction\":[{\"@type\":\"SearchAction\",\"target\":{\"@type\":\"EntryPoint\",\"urlTemplate\":\"https:\/\/goodplace.hr\/?s={search_term_string}\"},\"query-input\":{\"@type\":\"PropertyValueSpecification\",\"valueRequired\":true,\"valueName\":\"search_term_string\"}}],\"inLanguage\":\"en-GB\"},{\"@type\":\"Organization\",\"@id\":\"https:\/\/goodplace.hr\/#organization\",\"name\":\"Good Place\",\"url\":\"https:\/\/goodplace.hr\/\",\"logo\":{\"@type\":\"ImageObject\",\"inLanguage\":\"en-GB\",\"@id\":\"https:\/\/goodplace.hr\/#\/schema\/logo\/image\/\",\"url\":\"https:\/\/goodplace.hr\/wp-content\/uploads\/2023\/09\/logo.svg\",\"contentUrl\":\"https:\/\/goodplace.hr\/wp-content\/uploads\/2023\/09\/logo.svg\",\"width\":308,\"height\":61,\"caption\":\"Good Place\"},\"image\":{\"@id\":\"https:\/\/goodplace.hr\/#\/schema\/logo\/image\/\"}}]}<\/script>\n<!-- \/ Yoast SEO plugin. -->","yoast_head_json":{"title":"Politika kola\u010di\u0107a - Good Place","robots":{"index":"index","follow":"follow","max-snippet":"max-snippet:-1","max-image-preview":"max-image-preview:large","max-video-preview":"max-video-preview:-1"},"canonical":"https:\/\/goodplace.hr\/en\/privacy-policy\/","og_locale":"en_GB","og_type":"article","og_title":"Politika kola\u010di\u0107a - Good Place","og_description":"Politika kola\u010di\u0107a Kako bi internetska stranica radila ispravno te kako bi ju se moglo unaprje\u0111ivati u svrhu pobolj\u0161anja va\u0161eg iskustva pregledavanja, potrebno je minimalnu koli\u010dinu informacija (cookies) spremiti na va\u0161e ra\u010dunalo. Vi\u0161e od 90% internetskih stranica koristi praksu kola\u010di\u0107a te su po pravilima Europske unije obvezne zatra\u017eiti pristanak korisnika. Kori\u0161tenjem ove internetske stranice pristajete na [&hellip;]","og_url":"https:\/\/goodplace.hr\/en\/privacy-policy\/","og_site_name":"Good Place","article_modified_time":"2024-05-07T14:05:07+00:00","twitter_card":"summary_large_image","twitter_misc":{"Estimated reading time":"4 minutes"},"schema":{"@context":"https:\/\/schema.org","@graph":[{"@type":"WebPage","@id":"https:\/\/goodplace.hr\/politika-kolacica\/","url":"https:\/\/goodplace.hr\/politika-kolacica\/","name":"Politika kola\u010di\u0107a - Good Place","isPartOf":{"@id":"https:\/\/goodplace.hr\/#website"},"datePublished":"2024-05-07T14:01:20+00:00","dateModified":"2024-05-07T14:05:07+00:00","breadcrumb":{"@id":"https:\/\/goodplace.hr\/politika-kolacica\/#breadcrumb"},"inLanguage":"en-GB","potentialAction":[{"@type":"ReadAction","target":["https:\/\/goodplace.hr\/politika-kolacica\/"]}]},{"@type":"BreadcrumbList","@id":"https:\/\/goodplace.hr\/politika-kolacica\/#breadcrumb","itemListElement":[{"@type":"ListItem","position":1,"name":"Po\u010detna stranica","item":"https:\/\/goodplace.hr\/"},{"@type":"ListItem","position":2,"name":"Politika kola\u010di\u0107a"}]},{"@type":"WebSite","@id":"https:\/\/goodplace.hr\/#website","url":"https:\/\/goodplace.hr\/","name":"Good Place","description":"Smart choice for your space","publisher":{"@id":"https:\/\/goodplace.hr\/#organization"},"potentialAction":[{"@type":"SearchAction","target":{"@type":"EntryPoint","urlTemplate":"https:\/\/goodplace.hr\/?s={search_term_string}"},"query-input":{"@type":"PropertyValueSpecification","valueRequired":true,"valueName":"search_term_string"}}],"inLanguage":"en-GB"},{"@type":"Organization","@id":"https:\/\/goodplace.hr\/#organization","name":"Good Place","url":"https:\/\/goodplace.hr\/","logo":{"@type":"ImageObject","inLanguage":"en-GB","@id":"https:\/\/goodplace.hr\/#\/schema\/logo\/image\/","url":"https:\/\/goodplace.hr\/wp-content\/uploads\/2023\/09\/logo.svg","contentUrl":"https:\/\/goodplace.hr\/wp-content\/uploads\/2023\/09\/logo.svg","width":308,"height":61,"caption":"Good Place"},"image":{"@id":"https:\/\/goodplace.hr\/#\/schema\/logo\/image\/"}}]}},"_links":{"self":[{"href":"https:\/\/goodplace.hr\/en\/wp-json\/wp\/v2\/pages\/767","targetHints":{"allow":["GET"]}}],"collection":[{"href":"https:\/\/goodplace.hr\/en\/wp-json\/wp\/v2\/pages"}],"about":[{"href":"https:\/\/goodplace.hr\/en\/wp-json\/wp\/v2\/types\/page"}],"author":[{"embeddable":true,"href":"https:\/\/goodplace.hr\/en\/wp-json\/wp\/v2\/users\/1"}],"replies":[{"embeddable":true,"href":"https:\/\/goodplace.hr\/en\/wp-json\/wp\/v2\/comments?post=767"}],"version-history":[{"count":13,"href":"https:\/\/goodplace.hr\/en\/wp-json\/wp\/v2\/pages\/767\/revisions"}],"predecessor-version":[{"id":780,"href":"https:\/\/goodplace.hr\/en\/wp-json\/wp\/v2\/pages\/767\/revisions\/780"}],"wp:attachment":[{"href":"https:\/\/goodplace.hr\/en\/wp-json\/wp\/v2\/media?parent=767"}],"curies":[{"name":"wp","href":"https:\/\/api.w.org\/{rel}","templated":true}]}}